{"id":17,"date":"2021-01-28T23:16:07","date_gmt":"2021-01-28T23:16:07","guid":{"rendered":"http:\/\/www.bienestarconsaludtotal.com\/blog\/ponte-en-contacto\/"},"modified":"2021-01-28T23:16:07","modified_gmt":"2021-01-28T23:16:07","slug":"ponte-en-contacto","status":"publish","type":"page","link":"https:\/\/www.bienestarconsaludtotal.com\/blog\/ponte-en-contacto\/","title":{"rendered":"Ponte en contacto"},"content":{"rendered":"\n<figure class=\"wp-block-image alignfull size-full is-style-default\"><img loading=\"lazy\" decoding=\"async\" width=\"1800\" height=\"700\" src=\"http:\/\/www.bienestarconsaludtotal.com\/blog\/wp-content\/uploads\/2021\/01\/image-5.jpg\" alt=\"Descripci\u00f3n de la imagen\" class=\"wp-image-13\" srcset=\"https:\/\/www.bienestarconsaludtotal.com\/blog\/wp-content\/uploads\/2021\/01\/image-5.jpg 1800w, https:\/\/www.bienestarconsaludtotal.com\/blog\/wp-content\/uploads\/2021\/01\/image-5-300x117.jpg 300w, https:\/\/www.bienestarconsaludtotal.com\/blog\/wp-content\/uploads\/2021\/01\/image-5-1024x398.jpg 1024w, https:\/\/www.bienestarconsaludtotal.com\/blog\/wp-content\/uploads\/2021\/01\/image-5-768x299.jpg 768w, https:\/\/www.bienestarconsaludtotal.com\/blog\/wp-content\/uploads\/2021\/01\/image-5-1536x597.jpg 1536w, https:\/\/www.bienestarconsaludtotal.com\/blog\/wp-content\/uploads\/2021\/01\/image-5-1568x610.jpg 1568w\" sizes=\"auto, (max-width: 1800px) 100vw, 1800px\" \/><\/figure>\n\n\n\n<h2 class=\"has-text-align-center wp-block-heading\">Ponte en contacto<\/h2>\n\n\n\n<p>Las citas est\u00e1n disponibles despu\u00e9s de las 9 a. m. los d\u00edas de semana y aparecen en nuestro formulario de contacto que se muestra a continuaci\u00f3n, o telef\u00f3nicamente al <strong>(555) 555-5555<\/strong>.<\/p>\n\n\n\n\t\t<div class=\"coblocks-form\" id=\"bbca672b3dcde3a5b1aaaf7d249862fb72665eeb\">\n\n\t\t\t\n\t\t\t<form action=\"https:\/\/www.bienestarconsaludtotal.com\/blog\/ponte-en-contacto\/#bbca672b3dcde3a5b1aaaf7d249862fb72665eeb\" method=\"post\">\n\t\t\t\t\n<label for=\"nombre\" class=\"coblocks-label\">Nombre<\/label>\n\t\t<input type=\"hidden\" name=\"field-nombre[label]\" value=\"Nombre\">\n\n\t\t\t\t<input type=\"hidden\" id=\"name-field-id\" name=\"name-field-id\" class=\"coblocks-name-field-id\" value=\"field-nombre\" \/>\n\t\t\n\t\t<input type=\"text\" id=\"nombre\" name=\"field-nombre[value]\" class=\"coblocks-field coblocks-field--name\"  \/>\n\n\t\t\n\n<label for=\"correo-electronico\" class=\"coblocks-label\">Correo electr\u00f3nico <span class=\"required\">&#042;<\/span><\/label>\n\t\t<input type=\"hidden\" name=\"field-correo-electronico[label]\" value=\"Correo electr\u00f3nico\">\n\n\t\t\n\t\t<input type=\"hidden\" id=\"email-field-id\" name=\"email-field-id\" class=\"coblocks-email-field-id\" value=\"field-correo-electronico\" \/>\n\t\t<input type=\"email\" id=\"correo-electronico\" name=\"field-correo-electronico[value]\" class=\"coblocks-field coblocks-field--email\" required \/>\n\n\t\t\n\n<label for=\"mensaje\" class=\"coblocks-label\">Mensaje <span class=\"required\">&#042;<\/span><\/label>\n\t\t<input type=\"hidden\" name=\"field-mensaje[label]\" value=\"Mensaje\">\n\n\t\t\n\t\t<textarea name=\"field-mensaje[value]\" id=\"mensaje\" class=\"coblocks-field coblocks-textarea\" rows=\"20\" required><\/textarea>\n\n\t\t\n\n\t\t<div class=\"coblocks-form__submit wp-block-button\">\n\t\t\t<button type=\"submit\" class=\"wp-block-button__link\" style=\"\">Comun\u00edcate con nosotros<\/button>\n\t\t\t<input type=\"hidden\" id=\"form-submit\" name=\"form-submit\" value=\"ff37252d5a\" \/><input type=\"hidden\" name=\"_wp_http_referer\" value=\"\/blog\/wp-json\/wp\/v2\/pages\/17\" \/>\t\t\t<input type=\"hidden\" name=\"action\" value=\"coblocks-form-submit\">\n\n\t\t\t\t\t<\/div>\n\n\t\t\n\t\t\t\t<input class=\"coblocks-field verify\" type=\"email\" name=\"coblocks-verify-email\" autocomplete=\"off\" placeholder=\"Correo electr\u00f3nico\" tabindex=\"-1\">\n\t\t\t\t<input type=\"hidden\" name=\"form-hash\" value=\"bbca672b3dcde3a5b1aaaf7d249862fb72665eeb\">\n\n\t\t\t\t\t\t\t<\/form>\n\n\t\t<\/div>\n\n\t\t","protected":false},"excerpt":{"rendered":"<p>Ponte en contacto Las citas est\u00e1n disponibles despu\u00e9s de las 9 a. m. los d\u00edas de semana y aparecen en nuestro formulario de contacto que se muestra a continuaci\u00f3n, o telef\u00f3nicamente al (555) 555-5555.<\/p>\n","protected":false},"author":1,"featured_media":0,"parent":0,"menu_order":0,"comment_status":"closed","ping_status":"closed","template":"","meta":{"_coblocks_attr":"","_coblocks_dimensions":"","_coblocks_responsive_height":"","_coblocks_accordion_ie_support":"","hide_page_title":"","footnotes":""},"class_list":["post-17","page","type-page","status-publish","hentry"],"_links":{"self":[{"href":"https:\/\/www.bienestarconsaludtotal.com\/blog\/wp-json\/wp\/v2\/pages\/17","targetHints":{"allow":["GET"]}}],"collection":[{"href":"https:\/\/www.bienestarconsaludtotal.com\/blog\/wp-json\/wp\/v2\/pages"}],"about":[{"href":"https:\/\/www.bienestarconsaludtotal.com\/blog\/wp-json\/wp\/v2\/types\/page"}],"author":[{"embeddable":true,"href":"https:\/\/www.bienestarconsaludtotal.com\/blog\/wp-json\/wp\/v2\/users\/1"}],"replies":[{"embeddable":true,"href":"https:\/\/www.bienestarconsaludtotal.com\/blog\/wp-json\/wp\/v2\/comments?post=17"}],"version-history":[{"count":1,"href":"https:\/\/www.bienestarconsaludtotal.com\/blog\/wp-json\/wp\/v2\/pages\/17\/revisions"}],"predecessor-version":[{"id":23,"href":"https:\/\/www.bienestarconsaludtotal.com\/blog\/wp-json\/wp\/v2\/pages\/17\/revisions\/23"}],"wp:attachment":[{"href":"https:\/\/www.bienestarconsaludtotal.com\/blog\/wp-json\/wp\/v2\/media?parent=17"}],"curies":[{"name":"wp","href":"https:\/\/api.w.org\/{rel}","templated":true}]}}